{"id":1634,"date":"2023-01-06T21:42:18","date_gmt":"2023-01-06T20:42:18","guid":{"rendered":"https:\/\/sorinbauart.de\/?page_id=1634"},"modified":"2023-01-14T15:42:15","modified_gmt":"2023-01-14T14:42:15","slug":"trockenbau","status":"publish","type":"page","link":"https:\/\/sorinbauart.de\/?page_id=1634","title":{"rendered":"Trockenbau"},"content":{"rendered":"<div data-colibri-id=\"1634-c1\" class=\"style-1122 style-local-1634-c1 position-relative\">\n  <!---->\n  <div data-colibri-component=\"section\" data-colibri-id=\"1634-c2\" id=\"about\" class=\"h-section h-section-global-spacing d-flex align-items-lg-center align-items-md-center align-items-center style-1217 style-local-1634-c2 position-relative\">\n    <!---->\n    <!---->\n    <div class=\"h-section-grid-container h-section-boxed-container\">\n      <!---->\n      <div data-colibri-id=\"1634-c3\" class=\"h-row-container gutters-row-lg-0 gutters-row-md-0 gutters-row-0 gutters-row-v-lg-0 gutters-row-v-md-0 gutters-row-v-0 style-1218 style-local-1634-c3 position-relative\">\n        <!---->\n        <div class=\"h-row justify-content-lg-center justify-content-md-center justify-content-center align-items-lg-stretch align-items-md-stretch align-items-stretch gutters-col-lg-0 gutters-col-md-0 gutters-col-0 gutters-col-v-lg-0 gutters-col-v-md-0 gutters-col-v-0\">\n          <!---->\n          <div class=\"h-column h-column-container d-flex h-col-lg-auto h-col-md-auto h-col-auto style-1219-outer style-local-1634-c4-outer\">\n            <div data-colibri-id=\"1634-c4\" class=\"d-flex h-flex-basis h-column__inner h-px-lg-0 h-px-md-0 h-px-0 v-inner-lg-0 v-inner-md-0 v-inner-0 style-1219 style-local-1634-c4 position-relative\">\n              <!---->\n              <!---->\n              <div class=\"w-100 h-y-container h-column__content h-column__v-align flex-basis-100 align-self-lg-start align-self-md-start align-self-start\">\n                <!---->\n                <div data-colibri-id=\"1634-c5\" class=\"h-global-transition-all h-heading style-1220 style-local-1634-c5 position-relative h-element\">\n                  <!---->\n                  <div class=\"h-heading__outer style-1220 style-local-1634-c5\">\n                    <!---->\n                    <!---->\n                    <h5 class=\"\">Trockenbau<\/h5>\n                  <\/div>\n                <\/div>\n                <div data-colibri-id=\"1634-c6\" class=\"h-global-transition-all h-heading style-1221 style-local-1634-c6 position-relative h-element\">\n                  <!---->\n                  <div class=\"h-heading__outer style-1221 style-local-1634-c6\">\n                    <!---->\n                    <!---->\n                    <h2 class=\"\">Moderner Ausbau in Form und Funktion<\/h2>\n                  <\/div>\n                <\/div>\n                <div data-colibri-id=\"1634-c7\" class=\"h-text h-text-component style-1222 style-local-1634-c7 position-relative h-element\">\n                  <!---->\n                  <!---->\n                  <div class=\"\">\n                    <p><span style=\"font-size: 14px; font-family: &quot;Open Sans&quot;; color: rgb(0, 0, 0); font-weight: 400;\">Moderne Trockenbaul\u00f6sungen f\u00fcr jeden Raum und f\u00fcr jede Herausforderung die ideale L\u00f6sung. Je nach Ihren individuellen W\u00fcnschen legen wir dabei den Fokus auf die jeweilige Raumanforderung&nbsp;und achten darauf, die vorhandenen Raumkapazit\u00e4ten optimal auszunutzen.&nbsp;<\/span><\/p>\n                  <\/div>\n                <\/div>\n              <\/div>\n            <\/div>\n          <\/div>\n          <div class=\"h-column h-column-container d-flex h-col-lg-auto h-col-md-auto h-col-auto style-1223-outer style-local-1634-c8-outer\">\n            <div data-colibri-id=\"1634-c8\" class=\"d-flex h-flex-basis h-column__inner h-ui-empty-state-container h-px-lg-2 h-px-md-2 h-px-2 v-inner-lg-2 v-inner-md-2 v-inner-2 style-1223 style-local-1634-c8 position-relative\">\n              <!---->\n              <!---->\n              <div class=\"w-100 h-y-container h-column__content h-column__v-align flex-basis-100\">\n                <!---->\n              <\/div>\n            <\/div>\n          <\/div>\n        <\/div>\n      <\/div>\n      <div data-colibri-id=\"1634-c9\" class=\"h-row-container gutters-row-lg-2 gutters-row-md-2 gutters-row-0 gutters-row-v-lg-2 gutters-row-v-md-2 gutters-row-v-2 style-1240 style-local-1634-c9 position-relative\">\n        <!---->\n        <div class=\"h-row justify-content-lg-center justify-content-md-center justify-content-center align-items-lg-stretch align-items-md-stretch align-items-stretch gutters-col-lg-2 gutters-col-md-2 gutters-col-0 gutters-col-v-lg-2 gutters-col-v-md-2 gutters-col-v-2\">\n          <!---->\n          <div class=\"h-column h-column-container d-flex h-col-lg-auto h-col-md-auto h-col-auto style-1241-outer style-local-1634-c10-outer\">\n            <div data-colibri-id=\"1634-c10\" class=\"d-flex h-flex-basis h-column__inner h-px-lg-2 h-px-md-2 h-px-2 v-inner-lg-2 v-inner-md-2 v-inner-2 style-1241 style-local-1634-c10 position-relative\">\n              <!---->\n              <!---->\n              <div class=\"w-100 h-y-container h-column__content h-column__v-align flex-basis-100 align-self-lg-start align-self-md-start align-self-start\">\n                <!---->\n                <div data-colibri-id=\"1634-c11\" class=\"h-text h-text-component style-1244 style-local-1634-c11 position-relative h-element\">\n                  <!---->\n                  <!---->\n                  <div class=\"\">\n                    <p>\n                      <u style=\"font-family: &quot;Open Sans&quot;; color: rgb(8, 8, 8);\">\ufeff<\/u>\n                      <u style=\"font-family: &quot;Open Sans&quot;; color: rgb(8, 8, 8); font-size: 105%;\">Decken<\/u>\n                    <\/p>\n                    <p><span style=\"color: rgb(8, 8, 8); font-size: 105%; font-family: &quot;Open Sans&quot;;\">Decken sind f\u00fcr einige wenige immer noch nur die Fl\u00e4chen im Raum, die am schwierigsten zu streichen sind und unter denen man die Raumbeleuchtung installiert.<\/span><\/p>\n                    <p><span style=\"color: rgb(8, 8, 8); font-size: 105%; font-family: &quot;Open Sans&quot;;\">Wir hingegen definieren Decken ganz anders: Als planbare Fl\u00e4chen mit hervorragenden M\u00f6glichkeiten zur individuellen Raumgestaltung, als \u00e4sthetisch gestalteter Blickfang jeden Raumes, als Hightechkonstruktion zur Beeinflussung der Raumakustik sowie zum versteckten Einbau aufwendiger Beleuchtungs-, Beschallungs-, Bel\u00fcftungs- und K\u00fchlsysteme.<\/span><\/p>\n                    <p><span style=\"color: rgb(8, 8, 8); font-size: 105%; font-family: &quot;Open Sans&quot;;\">Dazu kommen Sonderkonstruktionen, z. B. mit Schallschutzeigenschaften oder solche mit besonderem gestalterischen Anspruch aus Falt- und Biegetechnik mit diversen Friesen, Abtreppungen und Abkantungen. Die Auswahl zur kreativen Gestaltung ist enorm und vervielfacht sich noch durch unz\u00e4hlige M\u00f6glichkeiten der Farbgebung, Dekorbemusterung oder der Kombination mit anderen Materialien wie Glas, Plexi, Metall oder Holzdekoren.<\/span><\/p>\n                    <p>\n                      <u style=\"font-family: &quot;Open Sans&quot;; color: rgb(8, 8, 8); font-size: 105%;\">W\u00e4nde<\/u>\n                    <\/p>\n                    <p><span style=\"color: rgb(8, 8, 8); font-size: 105%; font-family: &quot;Open Sans&quot;;\">W\u00e4nde begrenzen unsere Wohn- und Arbeitsr\u00e4ume, schaffen und bewahren Eigentum und Individualit\u00e4t, sch\u00fctzen vor Blicken, vor K\u00e4lte, Schall und Hitze, und bieten dar\u00fcber hinaus wirksamen Brandschutz.<\/span><\/p>\n                    <p><span style=\"color: rgb(8, 8, 8); font-size: 105%; font-family: &quot;Open Sans&quot;;\">&nbsp; &nbsp; Aber egal in welchem Einsatzort, ob Trennwand mit Holz- oder Metallst\u00e4nderwerk, Vorsatzschale oder Trockenputz, geschwungen gestaltete Konstruktionen und spezielle Feuchtraumkonstruktionen mit Tragst\u00e4ndern f\u00fcr Sanit\u00e4rger\u00e4te oder aber Spezialw\u00e4nde mit Schall-, Brand- oder Strahlenschutz &#8211; immer pr\u00e4gt der Baustoff Gips in Verbindung mit unz\u00e4hligen von uns erarbeiteten und gepr\u00fcften Konstruktionsstandards bis heute die Entwicklung aller gr\u00f6\u00dferen Trockenbau-Gewerke.<\/span><\/p>\n                    <p>\n                      <u style=\"font-family: &quot;Open Sans&quot;; color: rgb(8, 8, 8); font-size: 105%;\">Dach<\/u>\n                    <\/p>\n                    <p><span style=\"color: rgb(8, 8, 8); font-size: 105%; font-family: &quot;Open Sans&quot;;\">Raumgewinn und D\u00e4mmung durch den Dachausbau.Der Dachausbau im Gewerbe- oder Wohnungsbau bietet entscheidende Vorteile in punkto Raumgewinn sowie f\u00fcr Komfort am Arbeitsplatz oder im Wohnbereich. Unter geneigten D\u00e4chern in Neubau und renoviertem Altbau finden sich ideale Bet\u00e4tigungsfelder f\u00fcr den modernen Trockenbau.Dachausbau &#8211; der klassische Einsatzfall f\u00fcr den Trockenbau im Einfamilien- und Mehrfamilienhaus. Werden die Kinder mehr oder diese gr\u00f6\u00dfer, muss mehr Wohnraum her. Gesucht und gefunden: unterm Dach!Da das klassische Einfamilien-\/Mehrfamilienhaus sowohl als Altbau oder auch als Neubau, das geneigte Dach (Steildach) vorherrscht und der Boden darunter meist weder f\u00fcr Heizungssysteme, noch sonst genutzt wird, ist hier der Ausbau zum zus\u00e4tzlichen Wohn- und Arbeitsraum gegeben.<\/span><\/p>\n                    <p>\n                      <u style=\"font-family: &quot;Open Sans&quot;; color: rgb(8, 8, 8); font-size: 105%;\">Schallschutz<\/u>\n                    <\/p>\n                    <p><span style=\"color: rgb(8, 8, 8); font-size: 105%; font-family: &quot;Open Sans&quot;;\">L\u00e4rm st\u00f6rt. L\u00e4rm macht krank. Die Anforderungen, die an den Schallschutz gestellt werden, sind deshalb h\u00f6her denn je. Anders als mit allen herk\u00f6mmlichen Massivbauweisen, lassen sich mit dem Trockenbau von Boden, Wand und Decke alle Schutz- und Komfortbed\u00fcrfnisse erf\u00fcllen.<\/span><\/p>\n                    <p>\n                      <u style=\"font-family: &quot;Open Sans&quot;; color: rgb(8, 8, 8); font-size: 105%;\">Raumakustik<\/u>\n                    <\/p>\n                    <p><span style=\"color: rgb(8, 8, 8); font-size: 105%; font-family: &quot;Open Sans&quot;;\">Decken nehmen gestalterisch einen gro\u00dfen Einfluss auf die Atmosph\u00e4re und die Ausstrahlung eines Innenraums. Zudem hat sich die Deckenebene in der modernen Architektur als multifunktionales Medium qualifiziert. Bauphysikalische Anforderungen wie Akustik, Raumklima und Beleuchtung lassen sich hier effektiv b\u00fcndeln.&nbsp;&nbsp;Neben der Nachhallzeit-Regulierung erf\u00fcllen sich zus\u00e4tzlich Ballwurfsicherheit, Brandschutz F 30 oder F 90, raumklimatische Optimierung und Schallschutz.<\/span><\/p>\n                    <p>\n                      <u style=\"font-family: &quot;Open Sans&quot;; color: rgb(8, 8, 8); font-size: 105%;\">Brandschutz<\/u>\n                    <\/p>\n                    <p><span style=\"color: rgb(8, 8, 8); font-size: 105%; font-family: &quot;Open Sans&quot;;\">Brandschutz hei\u00dft: Sicherheit mit System. Das gilt f\u00fcr gepr\u00fcfte Konstruktionen und Systeml\u00f6sungen f\u00fcr Wand-, Decken- und Bodensysteme allgemein bis hin zu speziellen Anforderungen wie Tr\u00e4ger- und St\u00fctzenbekleidungen, Cubo Raum-in-Raum-Systeme, Kabel- und L\u00fcftungskan\u00e4le, Holzbau in Geb\u00e4udeklasse 4, bis hin zu DIN-Konstruktionen.<\/span><\/p>\n                    <p>\n                      <br>\n                    <\/p>\n                  <\/div>\n                <\/div>\n              <\/div>\n            <\/div>\n          <\/div>\n        <\/div>\n      <\/div>\n    <\/div>\n  <\/div>\n  <div data-colibri-component=\"section\" data-colibri-id=\"1634-c12\" id=\"photo-gallery\" class=\"h-section h-section-global-spacing d-flex align-items-lg-center align-items-md-center align-items-center style-1232 style-local-1634-c12 position-relative\">\n    <!---->\n    <!---->\n    <div class=\"h-section-grid-container h-section-fluid-container\">\n      <!---->\n      <div data-colibri-id=\"1634-c13\" class=\"h-row-container gutters-row-lg-0 gutters-row-md-0 gutters-row-0 gutters-row-v-lg-0 gutters-row-v-md-0 gutters-row-v-0 style-1233 style-local-1634-c13 position-relative\">\n        <!---->\n        <div class=\"h-row justify-content-lg-center justify-content-md-center justify-content-center align-items-lg-stretch align-items-md-stretch align-items-stretch gutters-col-lg-0 gutters-col-md-0 gutters-col-0 gutters-col-v-lg-0 gutters-col-v-md-0 gutters-col-v-0\">\n          <!---->\n          <div class=\"h-column h-column-container d-flex h-col-lg-auto h-col-md-auto h-col-auto style-1234-outer style-local-1634-c14-outer\">\n            <div data-colibri-id=\"1634-c14\" class=\"d-flex h-flex-basis h-column__inner h-px-lg-0 h-px-md-0 h-px-0 v-inner-lg-0 v-inner-md-0 v-inner-0 style-1234 style-local-1634-c14 position-relative\">\n              <!---->\n              <!---->\n              <div class=\"w-100 h-y-container h-column__content h-column__v-align flex-basis-100 align-self-lg-start align-self-md-start align-self-start\">\n                <!---->\n                <div data-colibri-component=\"\" data-colibri-id=\"1634-c15\" class=\"h-photo-gallery margin-none caption-none style-1235 style-local-1634-c15 position-relative h-element\">\n                  <!---->\n                  <div class=\"h-global-transition-all\"><div id='colibri-1634-c15' class='gallery-wrapper'>    <style type=\"text\/css\">\n\n        @media (min-width: 1023px) {        #colibri-1634-c15        dl {\n            float: left;\n            width: 25% !important;\n            max-width: 25% !important;\n            min-width: 25% !important;\n        }\n\n        #colibri-1634-c15        dl:nth-of-type(4n +1 ) {\n            clear: both;\n        }\n\n        }@media (min-width: 768px) and (max-width: 1023px) {        #colibri-1634-c15        dl {\n            float: left;\n            width: 25% !important;\n            max-width: 25% !important;\n            min-width: 25% !important;\n        }\n\n        #colibri-1634-c15        dl:nth-of-type(4n +1 ) {\n            clear: both;\n        }\n\n        }@media (max-width: 767px) {        #colibri-1634-c15        dl {\n            float: left;\n            width: 50% !important;\n            max-width: 50% !important;\n            min-width: 50% !important;\n        }\n\n        #colibri-1634-c15        dl:nth-of-type(2n +1 ) {\n            clear: both;\n        }\n\n        }\n        #colibri-1634-c15        .gallery-item {\n            position: relative;\n        }\n\n        \n    <\/style>\n    <div   class='colibri-1634-c15-dls-wrapper gallery-items-wrapper' ><dl class='gallery-item masonry-item'>\n\t\t\t<dt class='gallery-icon landscape'>\n\t\t\t\t<img loading=\"lazy\" decoding=\"async\"  width=\"2560\" height=\"1920\" src=\"https:\/\/sorinbauart.de\/wp-content\/uploads\/2023\/01\/IMG_9845-scaled.jpg\"  class='colibri-1634-c15-image' alt=\"\" srcset=\"https:\/\/sorinbauart.de\/wp-content\/uploads\/2023\/01\/IMG_9845-scaled.jpg 2560w, https:\/\/sorinbauart.de\/wp-content\/uploads\/2023\/01\/IMG_9845-300x225.jpg 300w, https:\/\/sorinbauart.de\/wp-content\/uploads\/2023\/01\/IMG_9845-1024x768.jpg 1024w, https:\/\/sorinbauart.de\/wp-content\/uploads\/2023\/01\/IMG_9845-768x576.jpg 768w, https:\/\/sorinbauart.de\/wp-content\/uploads\/2023\/01\/IMG_9845-1536x1152.jpg 1536w, https:\/\/sorinbauart.de\/wp-content\/uploads\/2023\/01\/IMG_9845-2048x1536.jpg 2048w\" sizes=\"auto, (max-width: 2560px) 100vw, 2560px\" \/>\n\t\t\t<\/dt><\/dl><dl class='gallery-item masonry-item'>\n\t\t\t<dt class='gallery-icon landscape'>\n\t\t\t\t<img loading=\"lazy\" decoding=\"async\"  width=\"2560\" height=\"1920\" src=\"https:\/\/sorinbauart.de\/wp-content\/uploads\/2023\/01\/IMG_7094-scaled.jpg\"  class='colibri-1634-c15-image' alt=\"\" srcset=\"https:\/\/sorinbauart.de\/wp-content\/uploads\/2023\/01\/IMG_7094-scaled.jpg 2560w, https:\/\/sorinbauart.de\/wp-content\/uploads\/2023\/01\/IMG_7094-300x225.jpg 300w, https:\/\/sorinbauart.de\/wp-content\/uploads\/2023\/01\/IMG_7094-1024x768.jpg 1024w, https:\/\/sorinbauart.de\/wp-content\/uploads\/2023\/01\/IMG_7094-768x576.jpg 768w, https:\/\/sorinbauart.de\/wp-content\/uploads\/2023\/01\/IMG_7094-1536x1152.jpg 1536w, https:\/\/sorinbauart.de\/wp-content\/uploads\/2023\/01\/IMG_7094-2048x1536.jpg 2048w\" sizes=\"auto, (max-width: 2560px) 100vw, 2560px\" \/>\n\t\t\t<\/dt><\/dl><dl class='gallery-item masonry-item'>\n\t\t\t<dt class='gallery-icon landscape'>\n\t\t\t\t<img loading=\"lazy\" decoding=\"async\"  width=\"2560\" height=\"1920\" src=\"https:\/\/sorinbauart.de\/wp-content\/uploads\/2023\/01\/IMG_6310-scaled.jpg\"  class='colibri-1634-c15-image' alt=\"\" srcset=\"https:\/\/sorinbauart.de\/wp-content\/uploads\/2023\/01\/IMG_6310-scaled.jpg 2560w, https:\/\/sorinbauart.de\/wp-content\/uploads\/2023\/01\/IMG_6310-300x225.jpg 300w, https:\/\/sorinbauart.de\/wp-content\/uploads\/2023\/01\/IMG_6310-1024x768.jpg 1024w, https:\/\/sorinbauart.de\/wp-content\/uploads\/2023\/01\/IMG_6310-768x576.jpg 768w, https:\/\/sorinbauart.de\/wp-content\/uploads\/2023\/01\/IMG_6310-1536x1152.jpg 1536w, https:\/\/sorinbauart.de\/wp-content\/uploads\/2023\/01\/IMG_6310-2048x1536.jpg 2048w\" sizes=\"auto, (max-width: 2560px) 100vw, 2560px\" \/>\n\t\t\t<\/dt><\/dl><dl class='gallery-item masonry-item'>\n\t\t\t<dt class='gallery-icon landscape'>\n\t\t\t\t<img loading=\"lazy\" decoding=\"async\"  width=\"2560\" height=\"1920\" src=\"https:\/\/sorinbauart.de\/wp-content\/uploads\/2023\/01\/IMG_5998-scaled.jpg\"  class='colibri-1634-c15-image' alt=\"\" srcset=\"https:\/\/sorinbauart.de\/wp-content\/uploads\/2023\/01\/IMG_5998-scaled.jpg 2560w, https:\/\/sorinbauart.de\/wp-content\/uploads\/2023\/01\/IMG_5998-300x225.jpg 300w, https:\/\/sorinbauart.de\/wp-content\/uploads\/2023\/01\/IMG_5998-1024x768.jpg 1024w, https:\/\/sorinbauart.de\/wp-content\/uploads\/2023\/01\/IMG_5998-768x576.jpg 768w, https:\/\/sorinbauart.de\/wp-content\/uploads\/2023\/01\/IMG_5998-1536x1152.jpg 1536w, https:\/\/sorinbauart.de\/wp-content\/uploads\/2023\/01\/IMG_5998-2048x1536.jpg 2048w\" sizes=\"auto, (max-width: 2560px) 100vw, 2560px\" \/>\n\t\t\t<\/dt><\/dl><dl class='gallery-item masonry-item'>\n\t\t\t<dt class='gallery-icon landscape'>\n\t\t\t\t<img loading=\"lazy\" decoding=\"async\"  width=\"2560\" height=\"1920\" src=\"https:\/\/sorinbauart.de\/wp-content\/uploads\/2023\/01\/IMG_5715-scaled.jpg\"  class='colibri-1634-c15-image' alt=\"\" srcset=\"https:\/\/sorinbauart.de\/wp-content\/uploads\/2023\/01\/IMG_5715-scaled.jpg 2560w, https:\/\/sorinbauart.de\/wp-content\/uploads\/2023\/01\/IMG_5715-300x225.jpg 300w, https:\/\/sorinbauart.de\/wp-content\/uploads\/2023\/01\/IMG_5715-1024x768.jpg 1024w, https:\/\/sorinbauart.de\/wp-content\/uploads\/2023\/01\/IMG_5715-768x576.jpg 768w, https:\/\/sorinbauart.de\/wp-content\/uploads\/2023\/01\/IMG_5715-1536x1152.jpg 1536w, https:\/\/sorinbauart.de\/wp-content\/uploads\/2023\/01\/IMG_5715-2048x1536.jpg 2048w\" sizes=\"auto, (max-width: 2560px) 100vw, 2560px\" \/>\n\t\t\t<\/dt><\/dl><dl class='gallery-item masonry-item'>\n\t\t\t<dt class='gallery-icon landscape'>\n\t\t\t\t<img loading=\"lazy\" decoding=\"async\"  width=\"2560\" height=\"1920\" src=\"https:\/\/sorinbauart.de\/wp-content\/uploads\/2023\/01\/IMG_5454-scaled.jpg\"  class='colibri-1634-c15-image' alt=\"\" srcset=\"https:\/\/sorinbauart.de\/wp-content\/uploads\/2023\/01\/IMG_5454-scaled.jpg 2560w, https:\/\/sorinbauart.de\/wp-content\/uploads\/2023\/01\/IMG_5454-300x225.jpg 300w, https:\/\/sorinbauart.de\/wp-content\/uploads\/2023\/01\/IMG_5454-1024x768.jpg 1024w, https:\/\/sorinbauart.de\/wp-content\/uploads\/2023\/01\/IMG_5454-768x576.jpg 768w, https:\/\/sorinbauart.de\/wp-content\/uploads\/2023\/01\/IMG_5454-1536x1152.jpg 1536w, https:\/\/sorinbauart.de\/wp-content\/uploads\/2023\/01\/IMG_5454-2048x1536.jpg 2048w\" sizes=\"auto, (max-width: 2560px) 100vw, 2560px\" \/>\n\t\t\t<\/dt><\/dl><dl class='gallery-item masonry-item'>\n\t\t\t<dt class='gallery-icon landscape'>\n\t\t\t\t<img loading=\"lazy\" decoding=\"async\"  width=\"2560\" height=\"1920\" src=\"https:\/\/sorinbauart.de\/wp-content\/uploads\/2023\/01\/IMG_0130-scaled.jpg\"  class='colibri-1634-c15-image' alt=\"\" srcset=\"https:\/\/sorinbauart.de\/wp-content\/uploads\/2023\/01\/IMG_0130-scaled.jpg 2560w, https:\/\/sorinbauart.de\/wp-content\/uploads\/2023\/01\/IMG_0130-300x225.jpg 300w, https:\/\/sorinbauart.de\/wp-content\/uploads\/2023\/01\/IMG_0130-1024x768.jpg 1024w, https:\/\/sorinbauart.de\/wp-content\/uploads\/2023\/01\/IMG_0130-768x576.jpg 768w, https:\/\/sorinbauart.de\/wp-content\/uploads\/2023\/01\/IMG_0130-1536x1152.jpg 1536w, https:\/\/sorinbauart.de\/wp-content\/uploads\/2023\/01\/IMG_0130-2048x1536.jpg 2048w\" sizes=\"auto, (max-width: 2560px) 100vw, 2560px\" \/>\n\t\t\t<\/dt><\/dl><dl class='gallery-item masonry-item'>\n\t\t\t<dt class='gallery-icon landscape'>\n\t\t\t\t<img loading=\"lazy\" decoding=\"async\"  width=\"2560\" height=\"1920\" src=\"https:\/\/sorinbauart.de\/wp-content\/uploads\/2023\/01\/IMG_3298-scaled.jpg\"  class='colibri-1634-c15-image' alt=\"\" srcset=\"https:\/\/sorinbauart.de\/wp-content\/uploads\/2023\/01\/IMG_3298-scaled.jpg 2560w, https:\/\/sorinbauart.de\/wp-content\/uploads\/2023\/01\/IMG_3298-300x225.jpg 300w, https:\/\/sorinbauart.de\/wp-content\/uploads\/2023\/01\/IMG_3298-1024x768.jpg 1024w, https:\/\/sorinbauart.de\/wp-content\/uploads\/2023\/01\/IMG_3298-768x576.jpg 768w, https:\/\/sorinbauart.de\/wp-content\/uploads\/2023\/01\/IMG_3298-1536x1152.jpg 1536w, https:\/\/sorinbauart.de\/wp-content\/uploads\/2023\/01\/IMG_3298-2048x1536.jpg 2048w\" sizes=\"auto, (max-width: 2560px) 100vw, 2560px\" \/>\n\t\t\t<\/dt><\/dl>\n\t\t<\/div>\n<style>#colibri-1634-c15 .wp-caption-text.gallery-caption{display:none;}<\/style><\/div><\/div>\n                <\/div>\n              <\/div>\n            <\/div>\n          <\/div>\n        <\/div>\n      <\/div>\n    <\/div>\n  <\/div>\n<\/div>","protected":false},"excerpt":{"rendered":"<p>Trockenbau Moderner Ausbau in Form und Funktion Moderne Trockenbaul\u00f6sungen f\u00fcr jeden Raum und f\u00fcr jede Herausforderung die ideale L\u00f6sung. Je nach Ihren individuellen W\u00fcnschen legen wir dabei den Fokus auf die jeweilige Raumanforderung&nbsp;und achten darauf, die vorhandenen Raumkapazit\u00e4ten optimal auszunutzen.&nbsp; \ufeff Decken Decken sind f\u00fcr einige wenige immer noch nur die Fl\u00e4chen im Raum, die [&hellip;]<\/p>\n","protected":false},"author":1,"featured_media":0,"parent":0,"menu_order":0,"comment_status":"closed","ping_status":"closed","template":"page-templates\/full-width-page.php","meta":{"footnotes":""},"class_list":["post-1634","page","type-page","status-publish","hentry"],"_links":{"self":[{"href":"https:\/\/sorinbauart.de\/index.php?rest_route=\/wp\/v2\/pages\/1634","targetHints":{"allow":["GET"]}}],"collection":[{"href":"https:\/\/sorinbauart.de\/index.php?rest_route=\/wp\/v2\/pages"}],"about":[{"href":"https:\/\/sorinbauart.de\/index.php?rest_route=\/wp\/v2\/types\/page"}],"author":[{"embeddable":true,"href":"https:\/\/sorinbauart.de\/index.php?rest_route=\/wp\/v2\/users\/1"}],"replies":[{"embeddable":true,"href":"https:\/\/sorinbauart.de\/index.php?rest_route=%2Fwp%2Fv2%2Fcomments&post=1634"}],"version-history":[{"count":4,"href":"https:\/\/sorinbauart.de\/index.php?rest_route=\/wp\/v2\/pages\/1634\/revisions"}],"predecessor-version":[{"id":1846,"href":"https:\/\/sorinbauart.de\/index.php?rest_route=\/wp\/v2\/pages\/1634\/revisions\/1846"}],"wp:attachment":[{"href":"https:\/\/sorinbauart.de\/index.php?rest_route=%2Fwp%2Fv2%2Fmedia&parent=1634"}],"curies":[{"name":"wp","href":"https:\/\/api.w.org\/{rel}","templated":true}]}}